{"id":101,"date":"2023-03-20T16:34:16","date_gmt":"2023-03-20T15:34:16","guid":{"rendered":"https:\/\/patronagesainteclaire.fr\/?page_id=101"},"modified":"2024-10-18T11:41:53","modified_gmt":"2024-10-18T09:41:53","slug":"semaine-de-patronage","status":"publish","type":"page","link":"https:\/\/patronagesainteclaire.fr\/index.php\/les-activites\/semaine-de-patronage\/","title":{"rendered":"SEMAINE DE PATRONAGE"},"content":{"rendered":"\n<p class=\"justification_texte has-black-color has-text-color has-medium-font-size\">Accueil des enfants (6-12 ans) toute la journ\u00e9e du lundi au vendredi pendant les vacances scolaires : <br> &#8211; premi\u00e8re semaine des vacances de la <strong>Toussaint<\/strong><br> &#8211; premi\u00e8re semaine des vacances de <strong>f\u00e9vrier<\/strong><br> &#8211; premi\u00e8re semaine des vacances de <strong>P\u00e2ques<\/strong><\/p>\n\n\n\n<h2 class=\"wp-block-heading has-luminous-vivid-orange-color has-text-color\"><strong>Programme d&rsquo;une journ\u00e9e type <\/strong><\/h2>\n\n\n\n<p class=\"has-black-color has-text-color has-medium-font-size\">8h30-9h30 : accueil des enfants<br>9h30 : mot du d\u00e9but<br>10h : d\u00e9but des activit\u00e9s du matin (activit\u00e9s manuelles et jeu sportif)<br>12h45 : d\u00e9jeuner<br>13h30 : temps calme <br>14h30 : d\u00e9but des activit\u00e9s de l&rsquo;apr\u00e8s-midi (grand jeu)<br>16h30 : go\u00fbter<br>17h-18h : retour des enfants \u00e0 la maison<\/p>\n\n\n\n<figure class=\"wp-block-gallery has-nested-images columns-default is-cropped wp-block-gallery-1 is-layout-flex wp-block-gallery-is-layout-flex\">\n<figure class=\"wp-block-image size-large\"><img decoding=\"async\" width=\"1024\" height=\"768\" data-id=\"403\" src=\"https:\/\/patronagesainteclaire.fr\/wp-content\/uploads\/2023\/04\/IMG_4890-1024x768.jpg\" alt=\"\" class=\"wp-image-403\" srcset=\"https:\/\/patronagesainteclaire.fr\/wp-content\/uploads\/2023\/04\/IMG_4890-1024x768.jpg 1024w, https:\/\/patronagesainteclaire.fr\/wp-content\/uploads\/2023\/04\/IMG_4890-300x225.jpg 300w, https:\/\/patronagesainteclaire.fr\/wp-content\/uploads\/2023\/04\/IMG_4890-768x576.jpg 768w, https:\/\/patronagesainteclaire.fr\/wp-content\/uploads\/2023\/04\/IMG_4890-1536x1152.jpg 1536w, https:\/\/patronagesainteclaire.fr\/wp-content\/uploads\/2023\/04\/IMG_4890-2048x1536.jpg 2048w, https:\/\/patronagesainteclaire.fr\/wp-content\/uploads\/2023\/04\/IMG_4890-958x719.jpg 958w\" sizes=\"(max-width: 1024px) 100vw, 1024px\" \/><\/figure>\n\n\n\n<figure class=\"wp-block-image size-large\"><img decoding=\"async\" width=\"1024\" height=\"768\" data-id=\"538\" src=\"https:\/\/patronagesainteclaire.fr\/wp-content\/uploads\/2024\/03\/IMG_6687-1024x768.jpg\" alt=\"\" class=\"wp-image-538\" srcset=\"https:\/\/patronagesainteclaire.fr\/wp-content\/uploads\/2024\/03\/IMG_6687-1024x768.jpg 1024w, https:\/\/patronagesainteclaire.fr\/wp-content\/uploads\/2024\/03\/IMG_6687-300x225.jpg 300w, https:\/\/patronagesainteclaire.fr\/wp-content\/uploads\/2024\/03\/IMG_6687-768x576.jpg 768w, https:\/\/patronagesainteclaire.fr\/wp-content\/uploads\/2024\/03\/IMG_6687-1536x1152.jpg 1536w, https:\/\/patronagesainteclaire.fr\/wp-content\/uploads\/2024\/03\/IMG_6687-2048x1536.jpg 2048w, https:\/\/patronagesainteclaire.fr\/wp-content\/uploads\/2024\/03\/IMG_6687-958x719.jpg 958w\" sizes=\"(max-width: 1024px) 100vw, 1024px\" \/><\/figure>\n\n\n\n<figure class=\"wp-block-image size-large\"><img decoding=\"async\" width=\"1024\" height=\"768\" data-id=\"537\" src=\"https:\/\/patronagesainteclaire.fr\/wp-content\/uploads\/2024\/03\/IMG_6638-1024x768.jpg\" alt=\"\" class=\"wp-image-537\" srcset=\"https:\/\/patronagesainteclaire.fr\/wp-content\/uploads\/2024\/03\/IMG_6638-1024x768.jpg 1024w, https:\/\/patronagesainteclaire.fr\/wp-content\/uploads\/2024\/03\/IMG_6638-300x225.jpg 300w, https:\/\/patronagesainteclaire.fr\/wp-content\/uploads\/2024\/03\/IMG_6638-768x576.jpg 768w, https:\/\/patronagesainteclaire.fr\/wp-content\/uploads\/2024\/03\/IMG_6638-1536x1152.jpg 1536w, https:\/\/patronagesainteclaire.fr\/wp-content\/uploads\/2024\/03\/IMG_6638-2048x1536.jpg 2048w, https:\/\/patronagesainteclaire.fr\/wp-content\/uploads\/2024\/03\/IMG_6638-958x719.jpg 958w\" sizes=\"(max-width: 1024px) 100vw, 1024px\" \/><\/figure>\n<\/figure>\n\n\n\n<h2 class=\"wp-block-heading has-luminous-vivid-orange-color has-text-color\"><strong>Inscription<\/strong><\/h2>\n\n\n\n<p class=\"justification_texte has-black-color has-text-color has-medium-font-size\">L&rsquo;inscription se fait au patronage : des tracts sont distribu\u00e9s aux enfants avant chaque semaine de patronage. Le prix est \u00e0 la journ\u00e9e ou pour la semaine, selon le quotient familial. <\/p>\n\n\n<div class=\"wp-block-image\">\n<figure class=\"aligncenter size-full\"><img decoding=\"async\" width=\"676\" height=\"179\" src=\"https:\/\/patronagesainteclaire.fr\/wp-content\/uploads\/2024\/10\/Capture-decran-2024-10-18-a-11.41.11.png\" alt=\"\" class=\"wp-image-829\" srcset=\"https:\/\/patronagesainteclaire.fr\/wp-content\/uploads\/2024\/10\/Capture-decran-2024-10-18-a-11.41.11.png 676w, https:\/\/patronagesainteclaire.fr\/wp-content\/uploads\/2024\/10\/Capture-decran-2024-10-18-a-11.41.11-300x79.png 300w\" sizes=\"(max-width: 676px) 100vw, 676px\" \/><\/figure>\n<\/div>\n\n\n<p><\/p>\n","protected":false},"excerpt":{"rendered":"<p>Accueil des enfants (6-12 ans) toute la journ\u00e9e du lundi au vendredi pendant les vacances scolaires : &#8211; premi\u00e8re semaine des vacances de la Toussaint &#8211; premi\u00e8re semaine des vacances de f\u00e9vrier &#8211; premi\u00e8re semaine des vacances de P\u00e2ques Programme d&rsquo;une journ\u00e9e type 8h30-9h30 : accueil des enfants9h30 : mot du d\u00e9but10h : d\u00e9but des [&hellip;]<\/p>\n","protected":false},"author":2,"featured_media":0,"parent":65,"menu_order":2,"comment_status":"closed","ping_status":"closed","template":"","meta":{"footnotes":""},"class_list":["post-101","page","type-page","status-publish","hentry"],"jetpack_sharing_enabled":true,"_links":{"self":[{"href":"https:\/\/patronagesainteclaire.fr\/index.php\/wp-json\/wp\/v2\/pages\/101","targetHints":{"allow":["GET"]}}],"collection":[{"href":"https:\/\/patronagesainteclaire.fr\/index.php\/wp-json\/wp\/v2\/pages"}],"about":[{"href":"https:\/\/patronagesainteclaire.fr\/index.php\/wp-json\/wp\/v2\/types\/page"}],"author":[{"embeddable":true,"href":"https:\/\/patronagesainteclaire.fr\/index.php\/wp-json\/wp\/v2\/users\/2"}],"replies":[{"embeddable":true,"href":"https:\/\/patronagesainteclaire.fr\/index.php\/wp-json\/wp\/v2\/comments?post=101"}],"version-history":[{"count":14,"href":"https:\/\/patronagesainteclaire.fr\/index.php\/wp-json\/wp\/v2\/pages\/101\/revisions"}],"predecessor-version":[{"id":830,"href":"https:\/\/patronagesainteclaire.fr\/index.php\/wp-json\/wp\/v2\/pages\/101\/revisions\/830"}],"up":[{"embeddable":true,"href":"https:\/\/patronagesainteclaire.fr\/index.php\/wp-json\/wp\/v2\/pages\/65"}],"wp:attachment":[{"href":"https:\/\/patronagesainteclaire.fr\/index.php\/wp-json\/wp\/v2\/media?parent=101"}],"curies":[{"name":"wp","href":"https:\/\/api.w.org\/{rel}","templated":true}]}}