{"id":1105,"date":"2025-05-16T16:37:08","date_gmt":"2025-05-16T14:37:08","guid":{"rendered":"https:\/\/patronagesainteclaire.fr\/?page_id=1105"},"modified":"2025-05-16T16:37:09","modified_gmt":"2025-05-16T14:37:09","slug":"la-fresque","status":"publish","type":"page","link":"https:\/\/patronagesainteclaire.fr\/index.php\/la-fresque\/","title":{"rendered":"La fresque"},"content":{"rendered":"\n<p class=\"has-text-align-center has-black-color has-text-color has-link-color has-medium-font-size wp-elements-76ddeab5965bad05ffd82b8a72a3ab79\"><strong>Le patronage Sainte-Claire a remport\u00e9 en 2024 le premier prix dans la cat\u00e9gorie qualit\u00e9 de l&rsquo;animation du concours des patronages !<\/strong><\/p>\n\n\n\n<figure class=\"wp-block-gallery has-nested-images columns-default is-cropped wp-block-gallery-1 is-layout-flex wp-block-gallery-is-layout-flex\">\n<figure class=\"wp-block-image size-large\"><img decoding=\"async\" width=\"487\" height=\"446\" data-id=\"1111\" src=\"https:\/\/patronagesainteclaire.fr\/wp-content\/uploads\/2025\/05\/Capture-decran-2024-12-06-a-11.53.09-1-e1747317187403.png\" alt=\"\" class=\"wp-image-1111\" srcset=\"https:\/\/patronagesainteclaire.fr\/wp-content\/uploads\/2025\/05\/Capture-decran-2024-12-06-a-11.53.09-1-e1747317187403.png 487w, https:\/\/patronagesainteclaire.fr\/wp-content\/uploads\/2025\/05\/Capture-decran-2024-12-06-a-11.53.09-1-e1747317187403-300x275.png 300w\" sizes=\"(max-width: 487px) 100vw, 487px\" \/><\/figure>\n\n\n\n<figure class=\"wp-block-image size-large\"><img decoding=\"async\" width=\"1024\" height=\"768\" data-id=\"1119\" src=\"https:\/\/patronagesainteclaire.fr\/wp-content\/uploads\/2025\/05\/IMG_8427-1-1024x768.jpg\" alt=\"\" class=\"wp-image-1119\" srcset=\"https:\/\/patronagesainteclaire.fr\/wp-content\/uploads\/2025\/05\/IMG_8427-1-1024x768.jpg 1024w, https:\/\/patronagesainteclaire.fr\/wp-content\/uploads\/2025\/05\/IMG_8427-1-300x225.jpg 300w, https:\/\/patronagesainteclaire.fr\/wp-content\/uploads\/2025\/05\/IMG_8427-1-768x576.jpg 768w, https:\/\/patronagesainteclaire.fr\/wp-content\/uploads\/2025\/05\/IMG_8427-1-1536x1152.jpg 1536w, https:\/\/patronagesainteclaire.fr\/wp-content\/uploads\/2025\/05\/IMG_8427-1-2048x1536.jpg 2048w, https:\/\/patronagesainteclaire.fr\/wp-content\/uploads\/2025\/05\/IMG_8427-1-958x719.jpg 958w\" sizes=\"(max-width: 1024px) 100vw, 1024px\" \/><\/figure>\n\n\n\n<figure class=\"wp-block-image size-large\"><img decoding=\"async\" width=\"1024\" height=\"768\" data-id=\"1110\" src=\"https:\/\/patronagesainteclaire.fr\/wp-content\/uploads\/2025\/05\/IMG_8761-1024x768.jpg\" alt=\"\" class=\"wp-image-1110\" srcset=\"https:\/\/patronagesainteclaire.fr\/wp-content\/uploads\/2025\/05\/IMG_8761-1024x768.jpg 1024w, https:\/\/patronagesainteclaire.fr\/wp-content\/uploads\/2025\/05\/IMG_8761-300x225.jpg 300w, https:\/\/patronagesainteclaire.fr\/wp-content\/uploads\/2025\/05\/IMG_8761-768x576.jpg 768w, https:\/\/patronagesainteclaire.fr\/wp-content\/uploads\/2025\/05\/IMG_8761-1536x1152.jpg 1536w, https:\/\/patronagesainteclaire.fr\/wp-content\/uploads\/2025\/05\/IMG_8761-2048x1536.jpg 2048w, https:\/\/patronagesainteclaire.fr\/wp-content\/uploads\/2025\/05\/IMG_8761-958x719.jpg 958w\" sizes=\"(max-width: 1024px) 100vw, 1024px\" \/><\/figure>\n<\/figure>\n\n\n\n<p class=\"has-white-color has-text-color has-link-color has-medium-font-size wp-elements-948f5e5b9cc479e78e69d75782b28248\">h<\/p>\n\n\n\n<p class=\"has-black-color has-text-color has-link-color has-medium-font-size wp-elements-cd41a829f69e8b65ad59d80402cad5ef\">Gr\u00e2ce \u00e0 ce prix, nous avons eu \u00e0 coeur de cr\u00e9er quelque chose d&rsquo;inoubliable dans le patronage et tr\u00e8s rapidement, le projet d&#8217;embellir la cour pour offrir aux enfants un espace plus joyeux et plus color\u00e9 est n\u00e9. Nous nous sommes tourn\u00e9s vers l&rsquo;atelier Petit Page, une artiste illustratrice et ancienne \u00e9ducatrice.<\/p>\n\n\n\n<p class=\"has-white-color has-text-color has-link-color wp-elements-2346ff73c000f1963528524d3917fe77\">h<\/p>\n\n\n\n<figure class=\"wp-block-gallery has-nested-images columns-default is-cropped wp-block-gallery-3 is-layout-flex wp-block-gallery-is-layout-flex\">\n<figure class=\"wp-block-image size-large wp-duotone-unset-2\"><img decoding=\"async\" width=\"768\" height=\"1024\" data-id=\"1114\" src=\"https:\/\/patronagesainteclaire.fr\/wp-content\/uploads\/2025\/05\/IMG_1530-768x1024.jpg\" alt=\"\" class=\"wp-image-1114\" srcset=\"https:\/\/patronagesainteclaire.fr\/wp-content\/uploads\/2025\/05\/IMG_1530-768x1024.jpg 768w, https:\/\/patronagesainteclaire.fr\/wp-content\/uploads\/2025\/05\/IMG_1530-225x300.jpg 225w, https:\/\/patronagesainteclaire.fr\/wp-content\/uploads\/2025\/05\/IMG_1530-1152x1536.jpg 1152w, https:\/\/patronagesainteclaire.fr\/wp-content\/uploads\/2025\/05\/IMG_1530-1536x2048.jpg 1536w, https:\/\/patronagesainteclaire.fr\/wp-content\/uploads\/2025\/05\/IMG_1530-scaled.jpg 1920w\" sizes=\"(max-width: 768px) 100vw, 768px\" \/><\/figure>\n\n\n\n<figure class=\"wp-block-image size-full\"><img decoding=\"async\" width=\"1920\" height=\"2560\" data-id=\"1123\" src=\"https:\/\/patronagesainteclaire.fr\/wp-content\/uploads\/2025\/05\/IMG_1546-scaled.jpg\" alt=\"\" class=\"wp-image-1123\" srcset=\"https:\/\/patronagesainteclaire.fr\/wp-content\/uploads\/2025\/05\/IMG_1546-scaled.jpg 1920w, https:\/\/patronagesainteclaire.fr\/wp-content\/uploads\/2025\/05\/IMG_1546-225x300.jpg 225w\" sizes=\"(max-width: 1920px) 100vw, 1920px\" \/><\/figure>\n\n\n\n<figure class=\"wp-block-image size-full\"><img decoding=\"async\" width=\"1920\" height=\"2560\" data-id=\"1122\" src=\"https:\/\/patronagesainteclaire.fr\/wp-content\/uploads\/2025\/05\/IMG_1544-scaled.jpg\" alt=\"\" class=\"wp-image-1122\" srcset=\"https:\/\/patronagesainteclaire.fr\/wp-content\/uploads\/2025\/05\/IMG_1544-scaled.jpg 1920w, https:\/\/patronagesainteclaire.fr\/wp-content\/uploads\/2025\/05\/IMG_1544-225x300.jpg 225w\" sizes=\"(max-width: 1920px) 100vw, 1920px\" \/><\/figure>\n\n\n\n<figure class=\"wp-block-image size-large\"><img decoding=\"async\" width=\"1024\" height=\"768\" data-id=\"1120\" src=\"https:\/\/patronagesainteclaire.fr\/wp-content\/uploads\/2025\/05\/IMG_1545-1024x768.jpg\" alt=\"\" class=\"wp-image-1120\" srcset=\"https:\/\/patronagesainteclaire.fr\/wp-content\/uploads\/2025\/05\/IMG_1545-1024x768.jpg 1024w, https:\/\/patronagesainteclaire.fr\/wp-content\/uploads\/2025\/05\/IMG_1545-300x225.jpg 300w, https:\/\/patronagesainteclaire.fr\/wp-content\/uploads\/2025\/05\/IMG_1545-768x576.jpg 768w, https:\/\/patronagesainteclaire.fr\/wp-content\/uploads\/2025\/05\/IMG_1545-1536x1152.jpg 1536w, https:\/\/patronagesainteclaire.fr\/wp-content\/uploads\/2025\/05\/IMG_1545-2048x1536.jpg 2048w, https:\/\/patronagesainteclaire.fr\/wp-content\/uploads\/2025\/05\/IMG_1545-958x719.jpg 958w\" sizes=\"(max-width: 1024px) 100vw, 1024px\" \/><\/figure>\n\n\n\n<figure class=\"wp-block-image size-large\"><img decoding=\"async\" width=\"1024\" height=\"768\" data-id=\"1113\" src=\"https:\/\/patronagesainteclaire.fr\/wp-content\/uploads\/2025\/05\/IMG_1543-1024x768.jpg\" alt=\"\" class=\"wp-image-1113\" srcset=\"https:\/\/patronagesainteclaire.fr\/wp-content\/uploads\/2025\/05\/IMG_1543-1024x768.jpg 1024w, https:\/\/patronagesainteclaire.fr\/wp-content\/uploads\/2025\/05\/IMG_1543-300x225.jpg 300w, https:\/\/patronagesainteclaire.fr\/wp-content\/uploads\/2025\/05\/IMG_1543-768x576.jpg 768w, https:\/\/patronagesainteclaire.fr\/wp-content\/uploads\/2025\/05\/IMG_1543-1536x1152.jpg 1536w, https:\/\/patronagesainteclaire.fr\/wp-content\/uploads\/2025\/05\/IMG_1543-2048x1536.jpg 2048w, https:\/\/patronagesainteclaire.fr\/wp-content\/uploads\/2025\/05\/IMG_1543-958x719.jpg 958w\" sizes=\"(max-width: 1024px) 100vw, 1024px\" \/><\/figure>\n<\/figure>\n\n\n\n<p class=\"has-white-color has-text-color has-link-color wp-elements-2346ff73c000f1963528524d3917fe77\">h<\/p>\n\n\n\n<p class=\"has-black-color has-text-color has-link-color has-medium-font-size wp-elements-eb78998820df00e36a477e63de6536a5\" id=\"viewer-ag4w53313\">Au-del\u00e0 de la dimension esth\u00e9tique, la fresque est un outil p\u00e9dagogique qui est utilis\u00e9e avec les enfants du patronage. On y retrouve la vie du patronage : jouer et travailler ensemble, les animaux du patronage, etc. En d\u00e9cor, on aper\u00e7oit la ville de Paris et ses monuments embl\u00e9matiques (Notre-Dame de Paris, la Tour Eiffel, la Philharmonie, etc.). <\/p>\n\n\n\n<p class=\"has-black-color has-text-color has-link-color has-medium-font-size wp-elements-c1c31ee359296c768441f593e8709b9f\" id=\"viewer-ag4w53313\">Cette fresque a pour vocation d&rsquo;\u00e9merveiller les enfants et de leur ouvrir les portes d&rsquo;un imaginaire riche. Le mur gris de cette cour s&rsquo;est transform\u00e9 en un v\u00e9ritable tableau vivant. Gr\u00e2ce aux couleurs vives et aux motifs joyeux, Petit Page en cr\u00e9ant cette oeuvre transforme l&rsquo;espace en un lieu qui invite \u00e0 la r\u00eaverie et \u00e0 la r\u00e9flexion. <\/p>\n\n\n\n<p class=\"has-black-color has-text-color has-link-color has-medium-font-size wp-elements-cd67e1c1470df1c1a560f51816e15452\">Apr\u00e8s six semaines de travail, la fresque a \u00e9t\u00e9 inaugur\u00e9e le 24 novembre 2024 en pr\u00e9sence de Fran\u00e7ois Dagnaud, maire du 19e arrondissement, et de Monseigneur Dominique Catta, vicaire g\u00e9n\u00e9ral de l&rsquo;archev\u00eaque de Paris.<\/p>\n\n\n\n<figure class=\"wp-block-gallery has-nested-images columns-default is-cropped wp-block-gallery-4 is-layout-flex wp-block-gallery-is-layout-flex\">\n<figure class=\"wp-block-image size-large\"><img decoding=\"async\" width=\"2560\" height=\"1920\" data-id=\"1131\" src=\"https:\/\/patronagesainteclaire.fr\/wp-content\/uploads\/2025\/05\/IMG_1571-4-scaled.jpg\" alt=\"\" class=\"wp-image-1131\" srcset=\"https:\/\/patronagesainteclaire.fr\/wp-content\/uploads\/2025\/05\/IMG_1571-4-scaled.jpg 2560w, https:\/\/patronagesainteclaire.fr\/wp-content\/uploads\/2025\/05\/IMG_1571-4-300x225.jpg 300w\" sizes=\"(max-width: 2560px) 100vw, 2560px\" \/><\/figure>\n\n\n\n<figure class=\"wp-block-image size-large\"><img decoding=\"async\" width=\"2560\" height=\"1920\" data-id=\"1124\" src=\"https:\/\/patronagesainteclaire.fr\/wp-content\/uploads\/2025\/05\/IMG_2909-scaled.jpg\" alt=\"\" class=\"wp-image-1124\" srcset=\"https:\/\/patronagesainteclaire.fr\/wp-content\/uploads\/2025\/05\/IMG_2909-scaled.jpg 2560w, https:\/\/patronagesainteclaire.fr\/wp-content\/uploads\/2025\/05\/IMG_2909-300x225.jpg 300w\" sizes=\"(max-width: 2560px) 100vw, 2560px\" \/><\/figure>\n<\/figure>\n\n\n\n<p class=\"has-black-color has-text-color has-link-color has-medium-font-size wp-elements-9ea9de3557edab6b4469dff93e6affdc\"><\/p>\n","protected":false},"excerpt":{"rendered":"<p>Le patronage Sainte-Claire a remport\u00e9 en 2024 le premier prix dans la cat\u00e9gorie qualit\u00e9 de l&rsquo;animation du concours des patronages ! h Gr\u00e2ce \u00e0 ce prix, nous avons eu \u00e0 coeur de cr\u00e9er quelque chose d&rsquo;inoubliable dans le patronage et tr\u00e8s rapidement, le projet d&#8217;embellir la cour pour offrir aux enfants un espace plus joyeux [&hellip;]<\/p>\n","protected":false},"author":2,"featured_media":0,"parent":0,"menu_order":0,"comment_status":"closed","ping_status":"closed","template":"","meta":{"footnotes":""},"class_list":["post-1105","page","type-page","status-publish","hentry"],"jetpack_sharing_enabled":true,"_links":{"self":[{"href":"https:\/\/patronagesainteclaire.fr\/index.php\/wp-json\/wp\/v2\/pages\/1105","targetHints":{"allow":["GET"]}}],"collection":[{"href":"https:\/\/patronagesainteclaire.fr\/index.php\/wp-json\/wp\/v2\/pages"}],"about":[{"href":"https:\/\/patronagesainteclaire.fr\/index.php\/wp-json\/wp\/v2\/types\/page"}],"author":[{"embeddable":true,"href":"https:\/\/patronagesainteclaire.fr\/index.php\/wp-json\/wp\/v2\/users\/2"}],"replies":[{"embeddable":true,"href":"https:\/\/patronagesainteclaire.fr\/index.php\/wp-json\/wp\/v2\/comments?post=1105"}],"version-history":[{"count":14,"href":"https:\/\/patronagesainteclaire.fr\/index.php\/wp-json\/wp\/v2\/pages\/1105\/revisions"}],"predecessor-version":[{"id":1142,"href":"https:\/\/patronagesainteclaire.fr\/index.php\/wp-json\/wp\/v2\/pages\/1105\/revisions\/1142"}],"wp:attachment":[{"href":"https:\/\/patronagesainteclaire.fr\/index.php\/wp-json\/wp\/v2\/media?parent=1105"}],"curies":[{"name":"wp","href":"https:\/\/api.w.org\/{rel}","templated":true}]}}