{"id":12,"date":"2023-03-20T16:19:48","date_gmt":"2023-03-20T15:19:48","guid":{"rendered":"https:\/\/patronagesainteclaire.fr\/?page_id=12"},"modified":"2025-09-25T12:00:00","modified_gmt":"2025-09-25T10:00:00","slug":"qui-sommes-nous","status":"publish","type":"page","link":"https:\/\/patronagesainteclaire.fr\/index.php\/accueil\/qui-sommes-nous\/","title":{"rendered":"Qui sommes-nous ?"},"content":{"rendered":"\n<p class=\"justification_texte has-black-color has-text-color has-medium-font-size\">Le patronage Sainte-Claire (association ACEL Nouveau Souffle) est un accueil de loisirs, d\u00e9clar\u00e9 aupr\u00e8s la SDJES (service d\u00e9partemental \u00e0 la jeunesse, \u00e0 l&rsquo;engagement et aux sports). Nous accueillons une quarantaine de jeunes, \u00e2g\u00e9s de 6 \u00e0 17 ans, du lundi au vendredi pour travailler et jouer en pr\u00e9sence d&rsquo;animateurs ! <\/p>\n\n\n\n<p class=\"justification_texte has-black-color has-text-color has-medium-font-size\">Le patronage Sainte-Claire est une association de quartier qui agit en priorit\u00e9 pour ses riverains dans le but de les unir et de les f\u00e9d\u00e9rer. Le patronage accueille les jeunes quelle que soit leur origine sociale ou religieuse. Dans la continuit\u00e9 de l&rsquo;\u00e9cole, nous allons chercher les enfants dans cinq \u00e9coles avoisinantes (Cheminets, 30 Manin, 40 Manin, Jean Jaur\u00e8s et Goubet) et nous proposons aux jeunes de faire leur devoirs, de jouer ensemble et de faire des activit\u00e9s sous la conduite d&rsquo;une \u00e9quipe d&rsquo;animateurs. Nous souhaitons mettre en avant l&rsquo;\u00e9panouissement des jeunes au travers d&rsquo;activit\u00e9s ludo-\u00e9ducatives.<\/p>\n\n\n\n<p class=\"justification_texte has-black-color has-text-color has-medium-font-size\">Qu&rsquo;est-ce qu&rsquo;un patronage ? Le mot est apparu en France pendant la r\u00e9volution industrielle, au XIX\u00e8me si\u00e8cle. Le patronage d\u00e9signait des initiatives que les catholiques organisaient en faveur des enfants des classes populaires. Les patronages accueillaient les jeunes pour aider les familles, \u00e9duquer les enfants, donner le sens des responsabilit\u00e9s, apprendre le don de soi aux pauvres et aux plus petits, etc. Les jeunes accueillis b\u00e9n\u00e9ficiaient d&rsquo;un accompagnement dans leur scolarit\u00e9 et jouaient dans un lieu s\u00e9curis\u00e9 avec d&rsquo;\u00e9ducateurs. <\/p>\n\n\n\n<p class=\"justification_texte has-black-color has-text-color has-medium-font-size\">Le patronage Sainte-Claire est h\u00e9berg\u00e9 dans les locaux de la paroisse Sainte-Claire d&rsquo;Assise. <\/p>\n\n\n\n<p class=\"has-white-color has-text-color\">h<\/p>\n\n\n\n<h2 class=\"wp-block-heading has-luminous-vivid-orange-color has-text-color has-large-font-size\">Le patro en chiffre<\/h2>\n\n\n\n<figure class=\"wp-block-image size-full\"><img decoding=\"async\" width=\"1097\" height=\"338\" src=\"https:\/\/patronagesainteclaire.fr\/wp-content\/uploads\/2025\/09\/Capture-decran-2025-09-25-a-11.58.14.png\" alt=\"\" class=\"wp-image-1407\" srcset=\"https:\/\/patronagesainteclaire.fr\/wp-content\/uploads\/2025\/09\/Capture-decran-2025-09-25-a-11.58.14.png 1097w, https:\/\/patronagesainteclaire.fr\/wp-content\/uploads\/2025\/09\/Capture-decran-2025-09-25-a-11.58.14-300x92.png 300w, https:\/\/patronagesainteclaire.fr\/wp-content\/uploads\/2025\/09\/Capture-decran-2025-09-25-a-11.58.14-1024x316.png 1024w, https:\/\/patronagesainteclaire.fr\/wp-content\/uploads\/2025\/09\/Capture-decran-2025-09-25-a-11.58.14-768x237.png 768w, https:\/\/patronagesainteclaire.fr\/wp-content\/uploads\/2025\/09\/Capture-decran-2025-09-25-a-11.58.14-958x295.png 958w\" sizes=\"(max-width: 1097px) 100vw, 1097px\" \/><\/figure>\n\n\n\n<p><\/p>\n","protected":false},"excerpt":{"rendered":"<p>Le patronage Sainte-Claire (association ACEL Nouveau Souffle) est un accueil de loisirs, d\u00e9clar\u00e9 aupr\u00e8s la SDJES (service d\u00e9partemental \u00e0 la jeunesse, \u00e0 l&rsquo;engagement et aux sports). Nous accueillons une quarantaine de jeunes, \u00e2g\u00e9s de 6 \u00e0 17 ans, du lundi au vendredi pour travailler et jouer en pr\u00e9sence d&rsquo;animateurs ! Le patronage Sainte-Claire est une [&hellip;]<\/p>\n","protected":false},"author":2,"featured_media":0,"parent":150,"menu_order":1,"comment_status":"closed","ping_status":"closed","template":"","meta":{"footnotes":""},"class_list":["post-12","page","type-page","status-publish","hentry"],"jetpack_sharing_enabled":true,"_links":{"self":[{"href":"https:\/\/patronagesainteclaire.fr\/index.php\/wp-json\/wp\/v2\/pages\/12","targetHints":{"allow":["GET"]}}],"collection":[{"href":"https:\/\/patronagesainteclaire.fr\/index.php\/wp-json\/wp\/v2\/pages"}],"about":[{"href":"https:\/\/patronagesainteclaire.fr\/index.php\/wp-json\/wp\/v2\/types\/page"}],"author":[{"embeddable":true,"href":"https:\/\/patronagesainteclaire.fr\/index.php\/wp-json\/wp\/v2\/users\/2"}],"replies":[{"embeddable":true,"href":"https:\/\/patronagesainteclaire.fr\/index.php\/wp-json\/wp\/v2\/comments?post=12"}],"version-history":[{"count":40,"href":"https:\/\/patronagesainteclaire.fr\/index.php\/wp-json\/wp\/v2\/pages\/12\/revisions"}],"predecessor-version":[{"id":1408,"href":"https:\/\/patronagesainteclaire.fr\/index.php\/wp-json\/wp\/v2\/pages\/12\/revisions\/1408"}],"up":[{"embeddable":true,"href":"https:\/\/patronagesainteclaire.fr\/index.php\/wp-json\/wp\/v2\/pages\/150"}],"wp:attachment":[{"href":"https:\/\/patronagesainteclaire.fr\/index.php\/wp-json\/wp\/v2\/media?parent=12"}],"curies":[{"name":"wp","href":"https:\/\/api.w.org\/{rel}","templated":true}]}}